{"id":1353,"date":"2024-09-30T08:14:29","date_gmt":"2024-09-30T08:14:29","guid":{"rendered":"https:\/\/berkolgayrimenkul.com.tr\/?page_id=1353"},"modified":"2024-10-01T11:33:51","modified_gmt":"2024-10-01T11:33:51","slug":"hedflerimiz","status":"publish","type":"page","link":"https:\/\/berkolgayrimenkul.com.tr\/?page_id=1353","title":{"rendered":"Hedflerimiz"},"content":{"rendered":"\t\t<div data-elementor-type=\"wp-page\" data-elementor-id=\"1353\" class=\"elementor elementor-1353\" data-elementor-post-type=\"page\">\n\t\t\t\t<div class=\"elementor-element elementor-element-8314fb6 e-flex e-con-boxed e-con e-parent\" data-id=\"8314fb6\" data-element_type=\"container\">\n\t\t\t\t\t<div class=\"e-con-inner\">\n\t\t\t\t<div class=\"elementor-element elementor-element-4e1abf6 elementor-widget elementor-widget-text-editor\" data-id=\"4e1abf6\" data-element_type=\"widget\" data-widget_type=\"text-editor.default\">\n\t\t\t\t<div class=\"elementor-widget-container\">\n\t\t\t\t\t\t\t<h1 class=\"baslik1solsag\">Hedflerimiz<\/h1><div class=\"orta-kutu-sol-sag orta-kutu-sol-sag-icerik\"><p><span><strong>De\u011ferlerimiz ve Hedeflerimiz<\/strong><\/span><\/p><p><\/p><p><span>Topluma ve \u00e7evreye duyarl\u0131,<\/span><\/p><p><span>M\u00fc\u015fteri memnuniyetine odakl\u0131,<\/span><\/p><p><span>Dinamik ve proaktif,<\/span><\/p><p><span>\u00d6nc\u00fc ve yenilik\u00e7i,<\/span><\/p><p><span>Tak\u0131m \u00e7al\u0131\u015fmas\u0131 anlay\u0131\u015f\u0131na sahip,<\/span><\/p><p><span>Kaliteden \u00f6d\u00fcn vermeden hizmet ve \u00fcretimi ger\u00e7ekle\u015ftirebilen,<\/span><\/p><p><span>\u0130htiya\u00e7lara ve sorunlara d\u00fcnya \u00f6l\u00e7\u00fclerinde \u00e7\u00f6z\u00fcmler sunabilen,<\/span><\/p><p><span>Geli\u015fen d\u00fcnya \u015fartlar\u0131n\u0131n vazge\u00e7ilmezi ileri teknolojileri \u00fclkemizde ger\u00e7ekle\u015ftirebilen,<\/span><\/p><p><span>Ekonomik katk\u0131 yan\u0131nda, sosyal ve k\u00fclt\u00fcrel alanlarda \u00fclkemizin gelece\u011fi i\u00e7in yat\u0131r\u0131m ve\u00a0istihdam\u0131 da esas alan,<\/span><\/p><p><span>G\u00fc\u00e7l\u00fc finansal yap\u0131s\u0131yla lider \u015firketler aras\u0131nda yer almay\u0131 hedefleyen g\u00fc\u00e7l\u00fc bir \u015firket olmakt\u0131r.<\/span><\/p><p><\/p><p><span><strong>\u0130dealimiz;<\/strong><\/span><\/p><p><\/p><p><span>Kurumun gelecek planlar\u0131 ile \u00e7al\u0131\u015fanlar\u0131n\u0131n kariyer hedeflerini b\u00fct\u00fcnle\u015ftiren, d\u00fcnyadaki \u00e7a\u011fda\u015flar\u0131yla en az ayn\u0131 d\u00fczeye ula\u015ft\u0131rmay\u0131 hedef alan b\u00fcy\u00fck bir \u015firket olmak ve bunu s\u00fcrd\u00fcr\u00fclebilir k\u0131lmakt\u0131r.<\/span><\/p><\/div>\t\t\t\t\t\t<\/div>\n\t\t\t\t<\/div>\n\t\t\t\t\t<\/div>\n\t\t\t\t<\/div>\n\t\t\t\t<\/div>\n\t\t","protected":false},"excerpt":{"rendered":"<p>Hedflerimiz De\u011ferlerimiz ve Hedeflerimiz Topluma ve \u00e7evreye duyarl\u0131, M\u00fc\u015fteri memnuniyetine [&hellip;]<\/p>\n","protected":false},"author":1,"featured_media":0,"parent":0,"menu_order":0,"comment_status":"closed","ping_status":"closed","template":"","meta":{"footnotes":""},"class_list":["post-1353","page","type-page","status-publish","hentry"],"_links":{"self":[{"href":"https:\/\/berkolgayrimenkul.com.tr\/index.php?rest_route=\/wp\/v2\/pages\/1353","targetHints":{"allow":["GET"]}}],"collection":[{"href":"https:\/\/berkolgayrimenkul.com.tr\/index.php?rest_route=\/wp\/v2\/pages"}],"about":[{"href":"https:\/\/berkolgayrimenkul.com.tr\/index.php?rest_route=\/wp\/v2\/types\/page"}],"author":[{"embeddable":true,"href":"https:\/\/berkolgayrimenkul.com.tr\/index.php?rest_route=\/wp\/v2\/users\/1"}],"replies":[{"embeddable":true,"href":"https:\/\/berkolgayrimenkul.com.tr\/index.php?rest_route=%2Fwp%2Fv2%2Fcomments&post=1353"}],"version-history":[{"count":4,"href":"https:\/\/berkolgayrimenkul.com.tr\/index.php?rest_route=\/wp\/v2\/pages\/1353\/revisions"}],"predecessor-version":[{"id":1528,"href":"https:\/\/berkolgayrimenkul.com.tr\/index.php?rest_route=\/wp\/v2\/pages\/1353\/revisions\/1528"}],"wp:attachment":[{"href":"https:\/\/berkolgayrimenkul.com.tr\/index.php?rest_route=%2Fwp%2Fv2%2Fmedia&parent=1353"}],"curies":[{"name":"wp","href":"https:\/\/api.w.org\/{rel}","templated":true}]}}